{"id":185,"date":"2022-03-12T17:03:38","date_gmt":"2022-03-12T17:03:38","guid":{"rendered":"http:\/\/www.leisesklavier.de\/?page_id=185"},"modified":"2023-05-03T12:17:55","modified_gmt":"2023-05-03T12:17:55","slug":"impressum","status":"publish","type":"page","link":"https:\/\/www.leisesklavier.de\/index.php\/impressum\/","title":{"rendered":"Impressum"},"content":{"rendered":"\t\t<div data-elementor-type=\"wp-page\" data-elementor-id=\"185\" class=\"elementor elementor-185\" data-elementor-settings=\"[]\">\n\t\t\t\t\t\t\t<div class=\"elementor-section-wrap\">\n\t\t\t\t\t\t\t<section class=\"elementor-section elementor-top-section elementor-element elementor-element-2412081 elementor-section-boxed elementor-section-height-default elementor-section-height-default\" data-id=\"2412081\" data-element_type=\"section\">\n\t\t\t\t\t\t\t<div class=\"elementor-background-overlay\"><\/div>\n\t\t\t\t\t\t\t<div class=\"elementor-container elementor-column-gap-default\">\n\t\t\t\t\t<div class=\"elementor-column elementor-col-100 elementor-top-column elementor-element elementor-element-fe57fce\" data-id=\"fe57fce\" data-element_type=\"column\">\n\t\t\t<div class=\"elementor-widget-wrap elementor-element-populated\">\n\t\t\t\t\t\t\t\t<div class=\"elementor-element elementor-element-e5c0595 elementor-widget elementor-widget-spacer\" data-id=\"e5c0595\" data-element_type=\"widget\" data-widget_type=\"spacer.default\">\n\t\t\t\t<div class=\"elementor-widget-container\">\n\t\t\t\t\t<div class=\"elementor-spacer\">\n\t\t\t<div class=\"elementor-spacer-inner\"><\/div>\n\t\t<\/div>\n\t\t\t\t<\/div>\n\t\t\t\t<\/div>\n\t\t\t\t<div class=\"elementor-element elementor-element-303a85a elementor-widget elementor-widget-heading\" data-id=\"303a85a\" data-element_type=\"widget\" data-widget_type=\"heading.default\">\n\t\t\t\t<div class=\"elementor-widget-container\">\n\t\t\t<style>\/*! elementor - v3.5.6 - 28-02-2022 *\/\n.elementor-heading-title{padding:0;margin:0;line-height:1}.elementor-widget-heading .elementor-heading-title[class*=elementor-size-]>a{color:inherit;font-size:inherit;line-height:inherit}.elementor-widget-heading .elementor-heading-title.elementor-size-small{font-size:15px}.elementor-widget-heading .elementor-heading-title.elementor-size-medium{font-size:19px}.elementor-widget-heading .elementor-heading-title.elementor-size-large{font-size:29px}.elementor-widget-heading .elementor-heading-title.elementor-size-xl{font-size:39px}.elementor-widget-heading .elementor-heading-title.elementor-size-xxl{font-size:59px}<\/style><h2 class=\"elementor-heading-title elementor-size-default\">Impressum<\/h2>\t\t<\/div>\n\t\t\t\t<\/div>\n\t\t\t\t\t<\/div>\n\t\t<\/div>\n\t\t\t\t\t\t\t<\/div>\n\t\t<\/section>\n\t\t\t\t<section class=\"elementor-section elementor-top-section elementor-element elementor-element-a0b3ebc elementor-section-boxed elementor-section-height-default elementor-section-height-default\" data-id=\"a0b3ebc\" data-element_type=\"section\">\n\t\t\t\t\t\t<div class=\"elementor-container elementor-column-gap-default\">\n\t\t\t\t\t<div class=\"elementor-column elementor-col-100 elementor-top-column elementor-element elementor-element-f048cc0\" data-id=\"f048cc0\" data-element_type=\"column\">\n\t\t\t<div class=\"elementor-widget-wrap elementor-element-populated\">\n\t\t\t\t\t\t\t\t<div class=\"elementor-element elementor-element-5bc0116 elementor-widget elementor-widget-spacer\" data-id=\"5bc0116\" data-element_type=\"widget\" data-widget_type=\"spacer.default\">\n\t\t\t\t<div class=\"elementor-widget-container\">\n\t\t\t\t\t<div class=\"elementor-spacer\">\n\t\t\t<div class=\"elementor-spacer-inner\"><\/div>\n\t\t<\/div>\n\t\t\t\t<\/div>\n\t\t\t\t<\/div>\n\t\t\t\t<div class=\"elementor-element elementor-element-4b42fe9 elementor-widget elementor-widget-text-editor\" data-id=\"4b42fe9\" data-element_type=\"widget\" data-widget_type=\"text-editor.default\">\n\t\t\t\t<div class=\"elementor-widget-container\">\n\t\t\t<style>\/*! elementor - v3.5.6 - 28-02-2022 *\/\n.elementor-widget-text-editor.elementor-drop-cap-view-stacked .elementor-drop-cap{background-color:#818a91;color:#fff}.elementor-widget-text-editor.elementor-drop-cap-view-framed .elementor-drop-cap{color:#818a91;border:3px solid;background-color:transparent}.elementor-widget-text-editor:not(.elementor-drop-cap-view-default) .elementor-drop-cap{margin-top:8px}.elementor-widget-text-editor:not(.elementor-drop-cap-view-default) .elementor-drop-cap-letter{width:1em;height:1em}.elementor-widget-text-editor .elementor-drop-cap{float:left;text-align:center;line-height:1;font-size:50px}.elementor-widget-text-editor .elementor-drop-cap-letter{display:inline-block}<\/style>\t\t\t\t<p>Name des Dienstanbieters gem. TMB:<\/p>\n<p><b>LeiseKlavier<\/b><br>Martin Dalheimer<br>Zwingerstr. 2<br>91161 Hilpoltstein<\/p>\n<p>Gewerberegister N\u00fcrnberg, K 0010059226<br>Umsatzsteuer-IdNr.: DE538920771<\/p>\n<p>Vertreten druch und verantwortlich f\u00fcr den Inhalt dieser Internetpr\u00e4senz:<\/p>\n<p><b>Martin Dalheimer<\/b><br>Tel.: 0151\/27266460<br>E-Mail: info@leisesklavier.de<br>Internet: www.leisesklavier.de<\/p>\t\t\t\t\t\t<\/div>\n\t\t\t\t<\/div>\n\t\t\t\t\t<\/div>\n\t\t<\/div>\n\t\t\t\t\t\t\t<\/div>\n\t\t<\/section>\n\t\t\t\t\t\t<\/div>\n\t\t\t\t\t<\/div>\n\t\t","protected":false},"excerpt":{"rendered":"<p>Impressum Name des Dienstanbieters gem. TMB: LeiseKlavierMartin DalheimerZwingerstr. 291161 Hilpoltstein Gewerberegister N\u00fcrnberg, K 0010059226Umsatzsteuer-IdNr.: DE538920771 Vertreten druch und verantwortlich f\u00fcr den Inhalt dieser Internetpr\u00e4senz: Martin DalheimerTel.: 0151\/27266460E-Mail: info@leisesklavier.deInternet: www.leisesklavier.de<\/p>\n","protected":false},"author":1,"featured_media":0,"parent":0,"menu_order":0,"comment_status":"closed","ping_status":"closed","template":"page-templates\/template-pagebuilder-full-width.php","meta":{"neve_meta_sidebar":"","neve_meta_container":"","neve_meta_enable_content_width":"","neve_meta_content_width":0,"neve_meta_title_alignment":"","neve_meta_author_avatar":"","neve_post_elements_order":"","neve_meta_disable_header":"","neve_meta_disable_footer":"","neve_meta_disable_title":"","footnotes":""},"class_list":["post-185","page","type-page","status-publish","hentry"],"yoast_head":"<!-- This site is optimized with the Yoast SEO plugin v19.0 - https:\/\/yoast.com\/wordpress\/plugins\/seo\/ -->\n<title>Impressum - LeiseKlavier\u00ae<\/title>\n<meta name=\"robots\" content=\"index, follow, max-snippet:-1, max-image-preview:large, max-video-preview:-1\" \/>\n<link rel=\"canonical\" href=\"https:\/\/www.leisesklavier.de\/index.php\/impressum\/\" \/>\n<meta property=\"og:locale\" content=\"de_DE\" \/>\n<meta property=\"og:type\" content=\"article\" \/>\n<meta property=\"og:title\" content=\"Impressum - LeiseKlavier\u00ae\" \/>\n<meta property=\"og:description\" content=\"Impressum Name des Dienstanbieters gem. TMB: LeiseKlavierMartin DalheimerZwingerstr. 291161 Hilpoltstein Gewerberegister N\u00fcrnberg, K 0010059226Umsatzsteuer-IdNr.: DE538920771 Vertreten druch und verantwortlich f\u00fcr den Inhalt dieser Internetpr\u00e4senz: Martin DalheimerTel.: 0151\/27266460E-Mail: info@leisesklavier.deInternet: www.leisesklavier.de\" \/>\n<meta property=\"og:url\" content=\"https:\/\/www.leisesklavier.de\/index.php\/impressum\/\" \/>\n<meta property=\"og:site_name\" content=\"LeiseKlavier\u00ae\" \/>\n<meta property=\"article:modified_time\" content=\"2023-05-03T12:17:55+00:00\" \/>\n<meta name=\"twitter:card\" content=\"summary_large_image\" \/>\n<script type=\"application\/ld+json\" class=\"yoast-schema-graph\">{\"@context\":\"https:\/\/schema.org\",\"@graph\":[{\"@type\":\"Organization\",\"@id\":\"https:\/\/www.leisesklavier.de\/#organization\",\"name\":\"LeiseKlaiver\",\"url\":\"https:\/\/www.leisesklavier.de\/\",\"sameAs\":[],\"logo\":{\"@type\":\"ImageObject\",\"inLanguage\":\"de\",\"@id\":\"https:\/\/www.leisesklavier.de\/#\/schema\/logo\/image\/\",\"url\":\"http:\/\/www.leisesklavier.de\/wp-content\/uploads\/2022\/03\/cropped-logo1.png\",\"contentUrl\":\"http:\/\/www.leisesklavier.de\/wp-content\/uploads\/2022\/03\/cropped-logo1.png\",\"width\":200,\"height\":69,\"caption\":\"LeiseKlaiver\"},\"image\":{\"@id\":\"https:\/\/www.leisesklavier.de\/#\/schema\/logo\/image\/\"}},{\"@type\":\"WebSite\",\"@id\":\"https:\/\/www.leisesklavier.de\/#website\",\"url\":\"https:\/\/www.leisesklavier.de\/\",\"name\":\"LeiseKlavier\u00ae\",\"description\":\"\",\"publisher\":{\"@id\":\"https:\/\/www.leisesklavier.de\/#organization\"},\"potentialAction\":[{\"@type\":\"SearchAction\",\"target\":{\"@type\":\"EntryPoint\",\"urlTemplate\":\"https:\/\/www.leisesklavier.de\/?s={search_term_string}\"},\"query-input\":\"required name=search_term_string\"}],\"inLanguage\":\"de\"},{\"@type\":\"WebPage\",\"@id\":\"https:\/\/www.leisesklavier.de\/index.php\/impressum\/#webpage\",\"url\":\"https:\/\/www.leisesklavier.de\/index.php\/impressum\/\",\"name\":\"Impressum - LeiseKlavier\u00ae\",\"isPartOf\":{\"@id\":\"https:\/\/www.leisesklavier.de\/#website\"},\"datePublished\":\"2022-03-12T17:03:38+00:00\",\"dateModified\":\"2023-05-03T12:17:55+00:00\",\"breadcrumb\":{\"@id\":\"https:\/\/www.leisesklavier.de\/index.php\/impressum\/#breadcrumb\"},\"inLanguage\":\"de\",\"potentialAction\":[{\"@type\":\"ReadAction\",\"target\":[\"https:\/\/www.leisesklavier.de\/index.php\/impressum\/\"]}]},{\"@type\":\"BreadcrumbList\",\"@id\":\"https:\/\/www.leisesklavier.de\/index.php\/impressum\/#breadcrumb\",\"itemListElement\":[{\"@type\":\"ListItem\",\"position\":1,\"name\":\"Startseite\",\"item\":\"https:\/\/www.leisesklavier.de\/\"},{\"@type\":\"ListItem\",\"position\":2,\"name\":\"Impressum\"}]}]}<\/script>\n<!-- \/ Yoast SEO plugin. -->","yoast_head_json":{"title":"Impressum - LeiseKlavier\u00ae","robots":{"index":"index","follow":"follow","max-snippet":"max-snippet:-1","max-image-preview":"max-image-preview:large","max-video-preview":"max-video-preview:-1"},"canonical":"https:\/\/www.leisesklavier.de\/index.php\/impressum\/","og_locale":"de_DE","og_type":"article","og_title":"Impressum - LeiseKlavier\u00ae","og_description":"Impressum Name des Dienstanbieters gem. TMB: LeiseKlavierMartin DalheimerZwingerstr. 291161 Hilpoltstein Gewerberegister N\u00fcrnberg, K 0010059226Umsatzsteuer-IdNr.: DE538920771 Vertreten druch und verantwortlich f\u00fcr den Inhalt dieser Internetpr\u00e4senz: Martin DalheimerTel.: 0151\/27266460E-Mail: info@leisesklavier.deInternet: www.leisesklavier.de","og_url":"https:\/\/www.leisesklavier.de\/index.php\/impressum\/","og_site_name":"LeiseKlavier\u00ae","article_modified_time":"2023-05-03T12:17:55+00:00","twitter_card":"summary_large_image","schema":{"@context":"https:\/\/schema.org","@graph":[{"@type":"Organization","@id":"https:\/\/www.leisesklavier.de\/#organization","name":"LeiseKlaiver","url":"https:\/\/www.leisesklavier.de\/","sameAs":[],"logo":{"@type":"ImageObject","inLanguage":"de","@id":"https:\/\/www.leisesklavier.de\/#\/schema\/logo\/image\/","url":"http:\/\/www.leisesklavier.de\/wp-content\/uploads\/2022\/03\/cropped-logo1.png","contentUrl":"http:\/\/www.leisesklavier.de\/wp-content\/uploads\/2022\/03\/cropped-logo1.png","width":200,"height":69,"caption":"LeiseKlaiver"},"image":{"@id":"https:\/\/www.leisesklavier.de\/#\/schema\/logo\/image\/"}},{"@type":"WebSite","@id":"https:\/\/www.leisesklavier.de\/#website","url":"https:\/\/www.leisesklavier.de\/","name":"LeiseKlavier\u00ae","description":"","publisher":{"@id":"https:\/\/www.leisesklavier.de\/#organization"},"potentialAction":[{"@type":"SearchAction","target":{"@type":"EntryPoint","urlTemplate":"https:\/\/www.leisesklavier.de\/?s={search_term_string}"},"query-input":"required name=search_term_string"}],"inLanguage":"de"},{"@type":"WebPage","@id":"https:\/\/www.leisesklavier.de\/index.php\/impressum\/#webpage","url":"https:\/\/www.leisesklavier.de\/index.php\/impressum\/","name":"Impressum - LeiseKlavier\u00ae","isPartOf":{"@id":"https:\/\/www.leisesklavier.de\/#website"},"datePublished":"2022-03-12T17:03:38+00:00","dateModified":"2023-05-03T12:17:55+00:00","breadcrumb":{"@id":"https:\/\/www.leisesklavier.de\/index.php\/impressum\/#breadcrumb"},"inLanguage":"de","potentialAction":[{"@type":"ReadAction","target":["https:\/\/www.leisesklavier.de\/index.php\/impressum\/"]}]},{"@type":"BreadcrumbList","@id":"https:\/\/www.leisesklavier.de\/index.php\/impressum\/#breadcrumb","itemListElement":[{"@type":"ListItem","position":1,"name":"Startseite","item":"https:\/\/www.leisesklavier.de\/"},{"@type":"ListItem","position":2,"name":"Impressum"}]}]}},"_links":{"self":[{"href":"https:\/\/www.leisesklavier.de\/index.php\/wp-json\/wp\/v2\/pages\/185","targetHints":{"allow":["GET"]}}],"collection":[{"href":"https:\/\/www.leisesklavier.de\/index.php\/wp-json\/wp\/v2\/pages"}],"about":[{"href":"https:\/\/www.leisesklavier.de\/index.php\/wp-json\/wp\/v2\/types\/page"}],"author":[{"embeddable":true,"href":"https:\/\/www.leisesklavier.de\/index.php\/wp-json\/wp\/v2\/users\/1"}],"replies":[{"embeddable":true,"href":"https:\/\/www.leisesklavier.de\/index.php\/wp-json\/wp\/v2\/comments?post=185"}],"version-history":[{"count":10,"href":"https:\/\/www.leisesklavier.de\/index.php\/wp-json\/wp\/v2\/pages\/185\/revisions"}],"predecessor-version":[{"id":945,"href":"https:\/\/www.leisesklavier.de\/index.php\/wp-json\/wp\/v2\/pages\/185\/revisions\/945"}],"wp:attachment":[{"href":"https:\/\/www.leisesklavier.de\/index.php\/wp-json\/wp\/v2\/media?parent=185"}],"curies":[{"name":"wp","href":"https:\/\/api.w.org\/{rel}","templated":true}]}}