{"id":183,"date":"2022-03-12T17:03:19","date_gmt":"2022-03-12T17:03:19","guid":{"rendered":"http:\/\/www.leisesklavier.de\/?page_id=183"},"modified":"2023-05-03T12:18:29","modified_gmt":"2023-05-03T12:18:29","slug":"datenschutzerklaerung","status":"publish","type":"page","link":"https:\/\/www.leisesklavier.de\/index.php\/datenschutzerklaerung\/","title":{"rendered":"Datenschutzerkl\u00e4rung"},"content":{"rendered":"\t\t<div data-elementor-type=\"wp-page\" data-elementor-id=\"183\" class=\"elementor elementor-183\" data-elementor-settings=\"[]\">\n\t\t\t\t\t\t\t<div class=\"elementor-section-wrap\">\n\t\t\t\t\t\t\t<section class=\"elementor-section elementor-top-section elementor-element elementor-element-3641d83 elementor-section-boxed elementor-section-height-default elementor-section-height-default\" data-id=\"3641d83\" data-element_type=\"section\">\n\t\t\t\t\t\t\t<div class=\"elementor-background-overlay\"><\/div>\n\t\t\t\t\t\t\t<div class=\"elementor-container elementor-column-gap-default\">\n\t\t\t\t\t<div class=\"elementor-column elementor-col-100 elementor-top-column elementor-element elementor-element-0212907\" data-id=\"0212907\" data-element_type=\"column\">\n\t\t\t<div class=\"elementor-widget-wrap elementor-element-populated\">\n\t\t\t\t\t\t\t\t<div class=\"elementor-element elementor-element-059e434 elementor-widget elementor-widget-spacer\" data-id=\"059e434\" data-element_type=\"widget\" data-widget_type=\"spacer.default\">\n\t\t\t\t<div class=\"elementor-widget-container\">\n\t\t\t\t\t<div class=\"elementor-spacer\">\n\t\t\t<div class=\"elementor-spacer-inner\"><\/div>\n\t\t<\/div>\n\t\t\t\t<\/div>\n\t\t\t\t<\/div>\n\t\t\t\t<div class=\"elementor-element elementor-element-1f46ef4 elementor-widget elementor-widget-heading\" data-id=\"1f46ef4\" data-element_type=\"widget\" data-widget_type=\"heading.default\">\n\t\t\t\t<div class=\"elementor-widget-container\">\n\t\t\t<style>\/*! elementor - v3.5.6 - 28-02-2022 *\/\n.elementor-heading-title{padding:0;margin:0;line-height:1}.elementor-widget-heading .elementor-heading-title[class*=elementor-size-]>a{color:inherit;font-size:inherit;line-height:inherit}.elementor-widget-heading .elementor-heading-title.elementor-size-small{font-size:15px}.elementor-widget-heading .elementor-heading-title.elementor-size-medium{font-size:19px}.elementor-widget-heading .elementor-heading-title.elementor-size-large{font-size:29px}.elementor-widget-heading .elementor-heading-title.elementor-size-xl{font-size:39px}.elementor-widget-heading .elementor-heading-title.elementor-size-xxl{font-size:59px}<\/style><h2 class=\"elementor-heading-title elementor-size-default\">Datenschutzerkl\u00e4rung<\/h2>\t\t<\/div>\n\t\t\t\t<\/div>\n\t\t\t\t\t<\/div>\n\t\t<\/div>\n\t\t\t\t\t\t\t<\/div>\n\t\t<\/section>\n\t\t\t\t<section class=\"elementor-section elementor-top-section elementor-element elementor-element-eccb567 elementor-section-boxed elementor-section-height-default elementor-section-height-default\" data-id=\"eccb567\" data-element_type=\"section\">\n\t\t\t\t\t\t<div class=\"elementor-container elementor-column-gap-default\">\n\t\t\t\t\t<div class=\"elementor-column elementor-col-100 elementor-top-column elementor-element elementor-element-64e472c\" data-id=\"64e472c\" data-element_type=\"column\">\n\t\t\t<div class=\"elementor-widget-wrap elementor-element-populated\">\n\t\t\t\t\t\t\t\t<div class=\"elementor-element elementor-element-453e8a0 elementor-widget elementor-widget-spacer\" data-id=\"453e8a0\" data-element_type=\"widget\" data-widget_type=\"spacer.default\">\n\t\t\t\t<div class=\"elementor-widget-container\">\n\t\t\t\t\t<div class=\"elementor-spacer\">\n\t\t\t<div class=\"elementor-spacer-inner\"><\/div>\n\t\t<\/div>\n\t\t\t\t<\/div>\n\t\t\t\t<\/div>\n\t\t\t\t<div class=\"elementor-element elementor-element-fbbdaad elementor-widget elementor-widget-text-editor\" data-id=\"fbbdaad\" data-element_type=\"widget\" data-widget_type=\"text-editor.default\">\n\t\t\t\t<div class=\"elementor-widget-container\">\n\t\t\t<style>\/*! elementor - v3.5.6 - 28-02-2022 *\/\n.elementor-widget-text-editor.elementor-drop-cap-view-stacked .elementor-drop-cap{background-color:#818a91;color:#fff}.elementor-widget-text-editor.elementor-drop-cap-view-framed .elementor-drop-cap{color:#818a91;border:3px solid;background-color:transparent}.elementor-widget-text-editor:not(.elementor-drop-cap-view-default) .elementor-drop-cap{margin-top:8px}.elementor-widget-text-editor:not(.elementor-drop-cap-view-default) .elementor-drop-cap-letter{width:1em;height:1em}.elementor-widget-text-editor .elementor-drop-cap{float:left;text-align:center;line-height:1;font-size:50px}.elementor-widget-text-editor .elementor-drop-cap-letter{display:inline-block}<\/style>\t\t\t\t<p><b>Geltungsbereich<\/b><\/p>\n<p>Diese Datenschutzerkl\u00e4rung kl\u00e4rt Nutzer \u00fcber die Art, den Umfang und Zwecke der Erhebung und Verwendung personenbezogener Daten durch den verantwortlichen Anbieter:<\/p>\n<p>Herr Martin Dalheimer<br>Zwingerstr. 2<br>91161 Hilpoltstein<\/p>\n<p>E-Mail: info@leisesklavier.de<br>Tel.: 0151\/27266460<\/p>\n<p>auf dieser Website auf.<\/p>\n<p>Die rechtlichen Grundlagen des Datenschutzes finden sich in der Datenschutzgrundverordnung (DSGVO).<\/p>\n<p>Wir nehmen den Schutz Ihrer privaten Daten sehr ernst. Die besondere Beachtung der Privatsph\u00e4re bei der Verarbeitung pers\u00f6nlicher Daten ist uns ein wichtiges Anliegen. Die Daten werden gem\u00e4\u00df der gesetzlichen Datenvorschriften und dieser Datenschutzerkl\u00e4rung und vertraulich behandelt.<\/p>\n<p><b>Umgang mit personenbezogenen Daten<\/b><\/p><b>\n<\/b><p><b><\/b>Personenbezogene Daten sind Informationen, mit deren Hilfe eine Person bestimmbar ist, also Angaben, die zur\u00fcck zu einer Person verfolgt werden k\u00f6nnen. Dazu geh\u00f6ren der Name, Geburtstag, die Emailadresse oder die Telefonnummer.<\/p>\n<p>Aber auch Daten \u00fcber Vorlieben, Hobbies, Mitgliedschaften oder welche Webseiten von jemandem angesehen wurden z\u00e4hlen zu personenbezogenen Daten. Personenbezogene Daten werden von dem Anbieter nur dann erhoben, genutzt und weiter gegeben, wenn dies gesetzlich erlaubt ist oder die Nutzer in die Datenerhebung einwilligen.<\/p>\n<p><b>Cookies<\/b><\/p>\n<p>Die Internetseiten verwenden an mehreren Stellen &#8222;Cookies&#8220;. Sie dienen dazu, unser Angebot nutzerfreundlicher, effektiver und sicherer zu machen. Cookies sind kleine Textdateien, die auf Ihrem Rechner abgelegt werden und die Ihr Browser speichert. Die meisten der verwendeten Cookies sind &#8222;Session-Cookies&#8220;. Diese werden nach Ende des Webseitenbesuchs automatisch gel\u00f6scht. Cookies richten auf dem Rechner keinen Schaden an und enthalten weder Trojaner noch Viren.<\/p>\n<p><b>Datenverarbeitung auf dieser Internetseite<\/b><\/p>\n<p>Wir erheben und speichern automatisch Informationen in Log Files, die Ihr Browser automatisch an uns \u00fcbermittelt, wie Browsertyp und Version verwendetes Betriebssystem, die URL und Uhrzeit der Serveranfrage. Diese Daten sind nicht bestimmten Personen zuordenbar. Eine Zusammenf\u00fchrung dieser Daten mit anderen Datenquellen wird nicht vorgenommen.<\/p>\n<p><b>Kontaktaufnahme <\/b><\/p>\n<p>Bei der Kontaktaufnahme mit dem Anbieter (zum Beispiel per Kontaktformular oder E-Mail) werden die Angaben des Nutzers zwecks Bearbeitung der Anfrage sowie f\u00fcr den Fall, dass Anschlussfragen entstehen, gespeichert. Diese Daten geben wir nicht ohne Ihre Einwilligung weiter. Die Daten werden nach abgeschlossener Bearbeitung Ihrer Anfragen gel\u00f6scht. Ihre Einwilligung kann jederzeit widerrufen werden. Wir beziehen uns dabei als Rechtsgrundlage der Verarbeitung auf den Artikel 6. Absatz 1 Buchstabe b DSGVO. Das bedeutet, wir gehen davon aus, dass Sie, wenn Sie dieses Kontaktformular nutzen unsere Leistungen anfragen oder bereits in einem Kundenverh\u00e4ltnis zu uns stehen.<\/p>\n<p><b>Widerruf, \u00c4nderungen, Berechtigungen und Aktualisierungen<\/b><\/p>\n<p>Der Nutzer hat das Recht, auf Antrag unentgeltlich Auskunft zu erhalten \u00fcber die personenbezogenen Daten, die \u00fcber ihn gespeichert wurden. Zus\u00e4tzlich hat der Nutzer das Recht auf Berichtigung unrichtiger Daten, Sperrung und L\u00f6schung seiner personenbezogenen Daten.<\/p>\n<p>Sie k\u00f6nnen jederzeit die L\u00f6schung Ihrer Daten auch per E-Mail verlangen. Dazu reicht eine E-Mail an unsere oben angegebene E-Mail-Adresse.<\/p>\n<p><b>Datenschutzerkl\u00e4rung f\u00fcr die Nutzung von YouTube<\/b><\/p>\n<p>Unsere Webseite nutzt Plugins der von Google betriebenen Seite YouTube. Betreiber der Seiten ist die YouTube, LLC, 901 Cherry Ave., San Bruno, CA 94066, USA. Wenn Sie eine unserer mit einem YouTube-Plugin ausgestatteten Seiten besuchen, wird eine Verbindung zu den Servern von YouTube hergestellt. Dabei wird dem Youtube-Server mitgeteilt, welche unserer Seiten Sie besucht haben. Wenn Sie in Ihrem YouTube-Account eingeloggt sind erm\u00f6glichen Sie YouTube, Ihr Surfverhalten direkt Ihrem pers\u00f6nlichen Profil zuzuordnen. Dies k\u00f6nnen Sie verhindern, indem Sie sich aus Ihrem YouTube-Account ausloggen. Weitere Informationen zum Umgang von Nutzerdaten finden Sie in der Datenschutzerkl\u00e4rung von YouTube unter: https:\/\/www.google.de\/intl\/de\/policies\/privacy<\/p>\n<p><b>Datenschutzerkl\u00e4rung f\u00fcr die Nutzung von Google Adsense<\/b><\/p>\n<p>Diese Website benutzt Google AdSense, einen Dienst zum Einbinden von Werbeanzeigen der Google Inc. (&#8222;Google&#8220;). Anbieter ist die Google Inc., 1600 Amphitheatre Parkway Mountain View, CA 94043, USA. Google AdSense verwendet so genannte &#8222;Cookies&#8220;, Textdateien, die auf Ihrem Computer gespeichert werden und die eine Analyse der Benutzung der Website erm\u00f6glicht. Google AdSense verwendet auch so genannte Web Beacons (unsichtbare Grafiken). Durch diese Web Beacons k\u00f6nnen Informationen wie der Besucherverkehr auf diesen Seiten ausgewertet werden. Die durch die Cookies und Web Beacons erzeugten Informationen \u00fcber die Benutzung unserer Website (einschlie\u00dflich Ihrer IP-Adresse) und Auslieferung von Werbeformaten werden an einen Google Server in den USA \u00fcbertragen und dort gespeichert. Diese Informationen k\u00f6nnen von Google an Vertragspartner von Google weitergegeben werden. Google wird Ihre IP-Adresse jedoch nicht mit anderen von Ihnen gespeicherten Daten zusammenf\u00fchren. Sie k\u00f6nnen die Installation der Cookies durch eine entsprechende Einstellung Ihrer Browser Software verhindern; wir weisen Sie aber darauf hin, dass Sie in diesem Fall unter Umst\u00e4nden nicht s\u00e4mtliche Funktionen dieser Website voll nutzen k\u00f6nnen. Durch die Nutzung unserer Website erkl\u00e4ren Sie sich mit der Bearbeitung Ihrer durch Google erhobenen Daten einverstanden.<\/p>\n<p><b> Einbindung von Diensten und Inhalten Dritter<\/b><\/p>\n<p>Es kann vorkommen, dass innerhalb dieses Onlineangebotes Inhalte Dritter, wie zum Beispiel Kartenmaterial von Google-Maps, RSS-Feeds oder Grafiken von anderen Webseiten eingebunden werden. Dies setzt immer voraus, dass die Anbieter dieser Inhalte (nachfolgend bezeichnet als &#8222;Dritt-Anbieter&#8220;) die IP-Adresse der Nutzer wahr nehmen. Denn ohne die IP-Adresse, k\u00f6nnten sie die Inhalte nicht an den Browser des jeweiligen Nutzers senden. Die IP-Adresse ist damit f\u00fcr die Darstellung dieser Inhalte erforderlich. Wir bem\u00fchen uns nur solche Inhalte zu verwenden, deren jeweilige Anbieter die IP-Adresse lediglich zur Auslieferung der Inhalte verwenden. Jedoch haben wir keinen Einfluss darauf, falls die Dritt-Anbieter die IP-Adresse z.B. f\u00fcr statistische Zwecke speichern. Soweit dies uns bekannt ist, kl\u00e4ren wir die Nutzer dar\u00fcber auf.<\/p>\n<p><b>Sicherheit<\/b><\/p><b>\n<\/b><p><b><\/b>Wir treffen technische und organisatorische Sicherheitsma\u00dfnahmen, um Ihre personenbezogenen Daten gegen unbeabsichtigte oder unrechtm\u00e4\u00dfige L\u00f6schung, Ver\u00e4nderung oder gegen Verlust und gegen unberechtigte Weitergabe oder unberechtigten Zugriff zu sch\u00fctzen.<\/p>\n<p><b>Datenschutzbeauftragter<\/b><\/p>\n<p>Sollten Sie Probleme oder Fragen zum Datenschutz haben oder Anregungen geben wollen, k\u00f6nnen Sie sich jederzeit an uns wenden (siehe Impressum).<\/p>\n<p><b>Jugenliche<\/b><\/p>\n<p>Personen unter 18 Jahren sollten nur mit Zustimmung des\/der Erziehungsberechtigten oder keine personenbezogenen Daten an uns \u00fcbermitteln. Wir fordern keine personenbezogenen Daten von Kindern an, sammeln diese nicht und geben sie nicht an Dritte weiter.<\/p>\n<p><b> Links zu anderen Websites<\/b><\/p><b>\n<\/b><p><b><\/b>Unsere Internetseiten enthalten Links zu anderen Websites. Wir haben keinen Einfluss darauf, dass deren Betreiber die Datenschutzbestimmungen einhalten.<\/p>\n<p><b>Verwendung von Kontaktdaten<\/b><\/p>\n<p>Der Nutzung von im Rahmen der Impressumspflicht ver\u00f6ffentlichten Kontaktdaten durch Dritte zur \u00dcbersendung von nicht ausdr\u00fccklich angeforderter Werbung und Informationsmaterialien wird hiermit ausdr\u00fccklich widersprochen. Die Betreiber der Seiten behalten sich ausdr\u00fccklich rechtliche Schritte im Falle der unverlangten Zusendung von Werbeinformationen, etwa durch Spam-Mails, vor.<\/p>\t\t\t\t\t\t<\/div>\n\t\t\t\t<\/div>\n\t\t\t\t\t<\/div>\n\t\t<\/div>\n\t\t\t\t\t\t\t<\/div>\n\t\t<\/section>\n\t\t\t\t\t\t<\/div>\n\t\t\t\t\t<\/div>\n\t\t","protected":false},"excerpt":{"rendered":"<p>Datenschutzerkl\u00e4rung Geltungsbereich Diese Datenschutzerkl\u00e4rung kl\u00e4rt Nutzer \u00fcber die Art, den Umfang und Zwecke der Erhebung und Verwendung personenbezogener Daten durch den verantwortlichen Anbieter: Herr Martin DalheimerZwingerstr. 291161 Hilpoltstein E-Mail: info@leisesklavier.deTel.: 0151\/27266460 auf dieser Website auf. Die rechtlichen Grundlagen des Datenschutzes finden sich in der Datenschutzgrundverordnung (DSGVO). Wir nehmen den Schutz Ihrer privaten Daten sehr ernst.&hellip;&nbsp;<a href=\"https:\/\/www.leisesklavier.de\/index.php\/datenschutzerklaerung\/\" class=\"\" rel=\"bookmark\">Weiterlesen &raquo;<span class=\"screen-reader-text\">Datenschutzerkl\u00e4rung<\/span><\/a><\/p>\n","protected":false},"author":1,"featured_media":0,"parent":0,"menu_order":0,"comment_status":"closed","ping_status":"closed","template":"page-templates\/template-pagebuilder-full-width.php","meta":{"neve_meta_sidebar":"","neve_meta_container":"","neve_meta_enable_content_width":"","neve_meta_content_width":0,"neve_meta_title_alignment":"","neve_meta_author_avatar":"","neve_post_elements_order":"","neve_meta_disable_header":"","neve_meta_disable_footer":"","neve_meta_disable_title":"","footnotes":""},"class_list":["post-183","page","type-page","status-publish","hentry"],"yoast_head":"<!-- This site is optimized with the Yoast SEO plugin v19.0 - https:\/\/yoast.com\/wordpress\/plugins\/seo\/ -->\n<title>Datenschutzerkl\u00e4rung - LeiseKlavier\u00ae<\/title>\n<meta name=\"robots\" content=\"index, follow, max-snippet:-1, max-image-preview:large, max-video-preview:-1\" \/>\n<link rel=\"canonical\" href=\"https:\/\/www.leisesklavier.de\/index.php\/datenschutzerklaerung\/\" \/>\n<meta property=\"og:locale\" content=\"de_DE\" \/>\n<meta property=\"og:type\" content=\"article\" \/>\n<meta property=\"og:title\" content=\"Datenschutzerkl\u00e4rung - LeiseKlavier\u00ae\" \/>\n<meta property=\"og:description\" content=\"Datenschutzerkl\u00e4rung Geltungsbereich Diese Datenschutzerkl\u00e4rung kl\u00e4rt Nutzer \u00fcber die Art, den Umfang und Zwecke der Erhebung und Verwendung personenbezogener Daten durch den verantwortlichen Anbieter: Herr Martin DalheimerZwingerstr. 291161 Hilpoltstein E-Mail: info@leisesklavier.deTel.: 0151\/27266460 auf dieser Website auf. Die rechtlichen Grundlagen des Datenschutzes finden sich in der Datenschutzgrundverordnung (DSGVO). Wir nehmen den Schutz Ihrer privaten Daten sehr ernst.&hellip;&nbsp;Weiterlesen &raquo;Datenschutzerkl\u00e4rung\" \/>\n<meta property=\"og:url\" content=\"https:\/\/www.leisesklavier.de\/index.php\/datenschutzerklaerung\/\" \/>\n<meta property=\"og:site_name\" content=\"LeiseKlavier\u00ae\" \/>\n<meta property=\"article:modified_time\" content=\"2023-05-03T12:18:29+00:00\" \/>\n<meta name=\"twitter:card\" content=\"summary_large_image\" \/>\n<meta name=\"twitter:label1\" content=\"Gesch\u00e4tzte Lesezeit\" \/>\n\t<meta name=\"twitter:data1\" content=\"5\u00a0Minuten\" \/>\n<script type=\"application\/ld+json\" class=\"yoast-schema-graph\">{\"@context\":\"https:\/\/schema.org\",\"@graph\":[{\"@type\":\"Organization\",\"@id\":\"https:\/\/www.leisesklavier.de\/#organization\",\"name\":\"LeiseKlaiver\",\"url\":\"https:\/\/www.leisesklavier.de\/\",\"sameAs\":[],\"logo\":{\"@type\":\"ImageObject\",\"inLanguage\":\"de\",\"@id\":\"https:\/\/www.leisesklavier.de\/#\/schema\/logo\/image\/\",\"url\":\"http:\/\/www.leisesklavier.de\/wp-content\/uploads\/2022\/03\/cropped-logo1.png\",\"contentUrl\":\"http:\/\/www.leisesklavier.de\/wp-content\/uploads\/2022\/03\/cropped-logo1.png\",\"width\":200,\"height\":69,\"caption\":\"LeiseKlaiver\"},\"image\":{\"@id\":\"https:\/\/www.leisesklavier.de\/#\/schema\/logo\/image\/\"}},{\"@type\":\"WebSite\",\"@id\":\"https:\/\/www.leisesklavier.de\/#website\",\"url\":\"https:\/\/www.leisesklavier.de\/\",\"name\":\"LeiseKlavier\u00ae\",\"description\":\"\",\"publisher\":{\"@id\":\"https:\/\/www.leisesklavier.de\/#organization\"},\"potentialAction\":[{\"@type\":\"SearchAction\",\"target\":{\"@type\":\"EntryPoint\",\"urlTemplate\":\"https:\/\/www.leisesklavier.de\/?s={search_term_string}\"},\"query-input\":\"required name=search_term_string\"}],\"inLanguage\":\"de\"},{\"@type\":\"WebPage\",\"@id\":\"https:\/\/www.leisesklavier.de\/index.php\/datenschutzerklaerung\/#webpage\",\"url\":\"https:\/\/www.leisesklavier.de\/index.php\/datenschutzerklaerung\/\",\"name\":\"Datenschutzerkl\u00e4rung - LeiseKlavier\u00ae\",\"isPartOf\":{\"@id\":\"https:\/\/www.leisesklavier.de\/#website\"},\"datePublished\":\"2022-03-12T17:03:19+00:00\",\"dateModified\":\"2023-05-03T12:18:29+00:00\",\"breadcrumb\":{\"@id\":\"https:\/\/www.leisesklavier.de\/index.php\/datenschutzerklaerung\/#breadcrumb\"},\"inLanguage\":\"de\",\"potentialAction\":[{\"@type\":\"ReadAction\",\"target\":[\"https:\/\/www.leisesklavier.de\/index.php\/datenschutzerklaerung\/\"]}]},{\"@type\":\"BreadcrumbList\",\"@id\":\"https:\/\/www.leisesklavier.de\/index.php\/datenschutzerklaerung\/#breadcrumb\",\"itemListElement\":[{\"@type\":\"ListItem\",\"position\":1,\"name\":\"Startseite\",\"item\":\"https:\/\/www.leisesklavier.de\/\"},{\"@type\":\"ListItem\",\"position\":2,\"name\":\"Datenschutzerkl\u00e4rung\"}]}]}<\/script>\n<!-- \/ Yoast SEO plugin. -->","yoast_head_json":{"title":"Datenschutzerkl\u00e4rung - LeiseKlavier\u00ae","robots":{"index":"index","follow":"follow","max-snippet":"max-snippet:-1","max-image-preview":"max-image-preview:large","max-video-preview":"max-video-preview:-1"},"canonical":"https:\/\/www.leisesklavier.de\/index.php\/datenschutzerklaerung\/","og_locale":"de_DE","og_type":"article","og_title":"Datenschutzerkl\u00e4rung - LeiseKlavier\u00ae","og_description":"Datenschutzerkl\u00e4rung Geltungsbereich Diese Datenschutzerkl\u00e4rung kl\u00e4rt Nutzer \u00fcber die Art, den Umfang und Zwecke der Erhebung und Verwendung personenbezogener Daten durch den verantwortlichen Anbieter: Herr Martin DalheimerZwingerstr. 291161 Hilpoltstein E-Mail: info@leisesklavier.deTel.: 0151\/27266460 auf dieser Website auf. Die rechtlichen Grundlagen des Datenschutzes finden sich in der Datenschutzgrundverordnung (DSGVO). Wir nehmen den Schutz Ihrer privaten Daten sehr ernst.&hellip;&nbsp;Weiterlesen &raquo;Datenschutzerkl\u00e4rung","og_url":"https:\/\/www.leisesklavier.de\/index.php\/datenschutzerklaerung\/","og_site_name":"LeiseKlavier\u00ae","article_modified_time":"2023-05-03T12:18:29+00:00","twitter_card":"summary_large_image","twitter_misc":{"Gesch\u00e4tzte Lesezeit":"5\u00a0Minuten"},"schema":{"@context":"https:\/\/schema.org","@graph":[{"@type":"Organization","@id":"https:\/\/www.leisesklavier.de\/#organization","name":"LeiseKlaiver","url":"https:\/\/www.leisesklavier.de\/","sameAs":[],"logo":{"@type":"ImageObject","inLanguage":"de","@id":"https:\/\/www.leisesklavier.de\/#\/schema\/logo\/image\/","url":"http:\/\/www.leisesklavier.de\/wp-content\/uploads\/2022\/03\/cropped-logo1.png","contentUrl":"http:\/\/www.leisesklavier.de\/wp-content\/uploads\/2022\/03\/cropped-logo1.png","width":200,"height":69,"caption":"LeiseKlaiver"},"image":{"@id":"https:\/\/www.leisesklavier.de\/#\/schema\/logo\/image\/"}},{"@type":"WebSite","@id":"https:\/\/www.leisesklavier.de\/#website","url":"https:\/\/www.leisesklavier.de\/","name":"LeiseKlavier\u00ae","description":"","publisher":{"@id":"https:\/\/www.leisesklavier.de\/#organization"},"potentialAction":[{"@type":"SearchAction","target":{"@type":"EntryPoint","urlTemplate":"https:\/\/www.leisesklavier.de\/?s={search_term_string}"},"query-input":"required name=search_term_string"}],"inLanguage":"de"},{"@type":"WebPage","@id":"https:\/\/www.leisesklavier.de\/index.php\/datenschutzerklaerung\/#webpage","url":"https:\/\/www.leisesklavier.de\/index.php\/datenschutzerklaerung\/","name":"Datenschutzerkl\u00e4rung - LeiseKlavier\u00ae","isPartOf":{"@id":"https:\/\/www.leisesklavier.de\/#website"},"datePublished":"2022-03-12T17:03:19+00:00","dateModified":"2023-05-03T12:18:29+00:00","breadcrumb":{"@id":"https:\/\/www.leisesklavier.de\/index.php\/datenschutzerklaerung\/#breadcrumb"},"inLanguage":"de","potentialAction":[{"@type":"ReadAction","target":["https:\/\/www.leisesklavier.de\/index.php\/datenschutzerklaerung\/"]}]},{"@type":"BreadcrumbList","@id":"https:\/\/www.leisesklavier.de\/index.php\/datenschutzerklaerung\/#breadcrumb","itemListElement":[{"@type":"ListItem","position":1,"name":"Startseite","item":"https:\/\/www.leisesklavier.de\/"},{"@type":"ListItem","position":2,"name":"Datenschutzerkl\u00e4rung"}]}]}},"_links":{"self":[{"href":"https:\/\/www.leisesklavier.de\/index.php\/wp-json\/wp\/v2\/pages\/183","targetHints":{"allow":["GET"]}}],"collection":[{"href":"https:\/\/www.leisesklavier.de\/index.php\/wp-json\/wp\/v2\/pages"}],"about":[{"href":"https:\/\/www.leisesklavier.de\/index.php\/wp-json\/wp\/v2\/types\/page"}],"author":[{"embeddable":true,"href":"https:\/\/www.leisesklavier.de\/index.php\/wp-json\/wp\/v2\/users\/1"}],"replies":[{"embeddable":true,"href":"https:\/\/www.leisesklavier.de\/index.php\/wp-json\/wp\/v2\/comments?post=183"}],"version-history":[{"count":22,"href":"https:\/\/www.leisesklavier.de\/index.php\/wp-json\/wp\/v2\/pages\/183\/revisions"}],"predecessor-version":[{"id":948,"href":"https:\/\/www.leisesklavier.de\/index.php\/wp-json\/wp\/v2\/pages\/183\/revisions\/948"}],"wp:attachment":[{"href":"https:\/\/www.leisesklavier.de\/index.php\/wp-json\/wp\/v2\/media?parent=183"}],"curies":[{"name":"wp","href":"https:\/\/api.w.org\/{rel}","templated":true}]}}